{"id":253,"date":"2023-04-21T12:18:02","date_gmt":"2023-04-21T12:18:02","guid":{"rendered":"https:\/\/www.cucapoi.com\/?page_id=253"},"modified":"2023-04-28T09:12:23","modified_gmt":"2023-04-28T09:12:23","slug":"influencer","status":"publish","type":"page","link":"https:\/\/www.cucapoi.com\/index.php\/influencer\/","title":{"rendered":"Influencer"},"content":{"rendered":"<p>[et_pb_section fb_built=\u00bb1&#8243; _builder_version=\u00bb4.20.4&#8243; _module_preset=\u00bbdefault\u00bb background_color=\u00bb#F5CEC7&#8243; background_image=\u00bbhttps:\/\/www.cucapoi.com\/wp-content\/uploads\/2023\/04\/Cabecera-provisional-cucapoi.jpg\u00bb min_height=\u00bb557px\u00bb custom_margin=\u00bb||||false|false\u00bb custom_padding=\u00bb||0px||false|false\u00bb global_colors_info=\u00bb{}\u00bb][et_pb_row _builder_version=\u00bb4.20.4&#8243; _module_preset=\u00bbdefault\u00bb width=\u00bb100%\u00bb max_width=\u00bb60%\u00bb max_width_tablet=\u00bb80%\u00bb max_width_phone=\u00bb100%\u00bb max_width_last_edited=\u00bbon|desktop\u00bb module_alignment=\u00bbleft\u00bb custom_margin=\u00bb138px|auto||auto|false|false\u00bb custom_margin_tablet=\u00bb138px|auto||auto|false|false\u00bb custom_margin_phone=\u00bb147px||||false|false\u00bb custom_margin_last_edited=\u00bbon|phone\u00bb custom_padding=\u00bb||||false|false\u00bb global_colors_info=\u00bb{}\u00bb][et_pb_column type=\u00bb4_4&#8243; _builder_version=\u00bb4.20.4&#8243; _module_preset=\u00bbdefault\u00bb global_colors_info=\u00bb{}\u00bb][et_pb_text _builder_version=\u00bb4.20.4&#8243; _module_preset=\u00bbdefault\u00bb header_font=\u00bb|100|||||||\u00bb header_text_align=\u00bbcenter\u00bb header_font_size=\u00bb69px\u00bb module_alignment=\u00bbcenter\u00bb custom_padding=\u00bb|||0px||\u00bb header_font_size_tablet=\u00bb69px\u00bb header_font_size_phone=\u00bb48px\u00bb header_font_size_last_edited=\u00bbon|phone\u00bb global_colors_info=\u00bb{}\u00bb]<\/p>\n<h1 style=\"text-align: center;\">Marketing<\/h1>\n<h1 style=\"text-align: center;\">Influencer<\/h1>\n<p>[\/et_pb_text][\/et_pb_column][\/et_pb_row][\/et_pb_section][et_pb_section fb_built=\u00bb1&#8243; custom_padding_last_edited=\u00bbon|phone\u00bb _builder_version=\u00bb4.20.4&#8243; _module_preset=\u00bbdefault\u00bb custom_margin_tablet=\u00bb\u00bb custom_margin_phone=\u00bb||0px||false|false\u00bb custom_margin_last_edited=\u00bbon|phone\u00bb custom_padding=\u00bb||||false|false\u00bb custom_padding_tablet=\u00bb||||false|false\u00bb custom_padding_phone=\u00bb||0px||false|false\u00bb global_colors_info=\u00bb{}\u00bb][et_pb_row column_structure=\u00bb1_3,1_3,1_3&#8243; use_custom_gutter=\u00bbon\u00bb gutter_width=\u00bb2&#8243; _builder_version=\u00bb4.20.4&#8243; _module_preset=\u00bbdefault\u00bb width=\u00bb100%\u00bb max_width=\u00bb65%\u00bb max_width_tablet=\u00bb60%\u00bb max_width_phone=\u00bb80%\u00bb max_width_last_edited=\u00bbon|phone\u00bb global_colors_info=\u00bb{}\u00bb][et_pb_column type=\u00bb1_3&#8243; _builder_version=\u00bb4.20.4&#8243; _module_preset=\u00bbdefault\u00bb global_colors_info=\u00bb{}\u00bb][et_pb_blurb title=\u00bb@ET-DC@eyJkeW5hbWljIjp0cnVlLCJjb250ZW50IjoicG9zdF9tZXRhX2tleSIsInNldHRpbmdzIjp7ImJlZm9yZSI6IiIsImFmdGVyIjoiIiwibWV0YV9rZXkiOiIiLCJlbmFibGVfaHRtbCI6Im9uIn19@\u00bb image_icon_background_color=\u00bb#F5CEC7&#8243; image=\u00bbhttps:\/\/www.cucapoi.com\/wp-content\/uploads\/2023\/04\/1.png\u00bb alt=\u00bbn\u00famero 1&#8243; icon_placement=\u00bbleft\u00bb image_icon_width=\u00bb60px\u00bb content_max_width=\u00bb100%\u00bb _builder_version=\u00bb4.20.4&#8243; _dynamic_attributes=\u00bbtitle\u00bb _module_preset=\u00bbdefault\u00bb header_level=\u00bbh2&#8243; header_text_color=\u00bb#F5CEC7&#8243; header_font_size=\u00bb26px\u00bb body_font=\u00bb||||||||\u00bb body_text_color=\u00bb#a4a4a4&#8243; body_font_size=\u00bb16px\u00bb width=\u00bb100%\u00bb custom_margin=\u00bb||24%||false|false\u00bb custom_margin_tablet=\u00bb||8%||false|false\u00bb custom_margin_phone=\u00bb||8%||false|false\u00bb custom_margin_last_edited=\u00bbon|tablet\u00bb custom_padding=\u00bb||||false|false\u00bb hover_enabled=\u00bb0&#8243; global_colors_info=\u00bb{}\u00bb sticky_enabled=\u00bb0&#8243;]<\/p>\n<h2 style=\"color: #f5cec7; font-size:30px;\"><strong>Estudio<\/strong><\/h2>\n<p>Elaborar un estudio de tu marca para encontrar a los influencers acordes a tu audiencia y marca[\/et_pb_blurb][et_pb_blurb title=\u00bb@ET-DC@eyJkeW5hbWljIjp0cnVlLCJjb250ZW50IjoicG9zdF9tZXRhX2tleSIsInNldHRpbmdzIjp7ImJlZm9yZSI6IiIsImFmdGVyIjoiIiwibWV0YV9rZXkiOiIiLCJlbmFibGVfaHRtbCI6Im9uIn19@\u00bb image_icon_background_color=\u00bb#F5CEC7&#8243; image=\u00bbhttps:\/\/www.cucapoi.com\/wp-content\/uploads\/2023\/04\/2.png\u00bb alt=\u00bbn\u00famero 2&#8243; icon_placement=\u00bbleft\u00bb image_icon_width=\u00bb60px\u00bb content_max_width=\u00bb100%\u00bb _builder_version=\u00bb4.20.4&#8243; _dynamic_attributes=\u00bbtitle\u00bb _module_preset=\u00bbdefault\u00bb header_level=\u00bbh2&#8243; header_text_color=\u00bb#F5CEC7&#8243; header_font_size=\u00bb23px\u00bb body_font=\u00bb||||||||\u00bb body_text_color=\u00bb#a4a4a4&#8243; body_font_size=\u00bb16px\u00bb width=\u00bb100%\u00bb custom_margin=\u00bb||24%||false|false\u00bb custom_margin_tablet=\u00bb||8%||false|false\u00bb custom_margin_phone=\u00bb||8%||false|false\u00bb custom_margin_last_edited=\u00bbon|tablet\u00bb custom_padding=\u00bb0px|||||\u00bb hover_enabled=\u00bb0&#8243; global_colors_info=\u00bb{}\u00bb sticky_enabled=\u00bb0&#8243;]<\/p>\n<h2 style=\"color: #f5cec7;font-size:30px;\"><strong>Selecci\u00f3n<\/strong><\/h2>\n<p>Realizamos una pre-selecci\u00f3n de los mejores influencers para publicitar tu producto[\/et_pb_blurb][et_pb_blurb title=\u00bb@ET-DC@eyJkeW5hbWljIjp0cnVlLCJjb250ZW50IjoicG9zdF9tZXRhX2tleSIsInNldHRpbmdzIjp7ImJlZm9yZSI6IiIsImFmdGVyIjoiIiwibWV0YV9rZXkiOiIiLCJlbmFibGVfaHRtbCI6Im9uIn19@\u00bb image_icon_background_color=\u00bb#F5CEC7&#8243; image=\u00bbhttps:\/\/www.cucapoi.com\/wp-content\/uploads\/2023\/04\/3.png\u00bb alt=\u00bbn\u00famero 3&#8243; icon_placement=\u00bbleft\u00bb image_icon_width=\u00bb60px\u00bb content_max_width=\u00bb100%\u00bb _builder_version=\u00bb4.20.4&#8243; _dynamic_attributes=\u00bbtitle\u00bb _module_preset=\u00bbdefault\u00bb header_level=\u00bbh2&#8243; header_text_color=\u00bb#F5CEC7&#8243; header_font_size=\u00bb23px\u00bb body_font=\u00bb||||||||\u00bb body_text_color=\u00bb#a4a4a4&#8243; body_font_size=\u00bb16px\u00bb width=\u00bb100%\u00bb custom_margin=\u00bb||24%||false|false\u00bb custom_margin_tablet=\u00bb||8%||false|false\u00bb custom_margin_phone=\u00bb||8%||false|false\u00bb custom_margin_last_edited=\u00bbon|tablet\u00bb custom_padding=\u00bb0px|||||\u00bb hover_enabled=\u00bb0&#8243; global_colors_info=\u00bb{}\u00bb sticky_enabled=\u00bb0&#8243;]<\/p>\n<h2 style=\"color: #f5cec7; font-size:30px;\"><strong>Negociaci\u00f3n<\/strong><\/h2>\n<p>Negociamos con los influencers el mejor acuerdo para tu marca (fechas de publicaci\u00f3n, con\/sin coste, producto a potenciar)[\/et_pb_blurb][\/et_pb_column][et_pb_column type=\u00bb1_3&#8243; _builder_version=\u00bb4.20.4&#8243; _module_preset=\u00bbdefault\u00bb global_colors_info=\u00bb{}\u00bb][et_pb_image src=\u00bbhttps:\/\/www.cucapoi.com\/wp-content\/uploads\/2023\/04\/Principal.jpg\u00bb alt=\u00bbbodeg\u00f3n de refresco con frutas\u00bb title_text=\u00bbPrincipal\u00bb align=\u00bbcenter\u00bb _builder_version=\u00bb4.20.4&#8243; _module_preset=\u00bbdefault\u00bb global_colors_info=\u00bb{}\u00bb][\/et_pb_image][\/et_pb_column][et_pb_column type=\u00bb1_3&#8243; _builder_version=\u00bb4.20.4&#8243; _module_preset=\u00bbdefault\u00bb global_colors_info=\u00bb{}\u00bb][et_pb_blurb title=\u00bb@ET-DC@eyJkeW5hbWljIjp0cnVlLCJjb250ZW50IjoicG9zdF9tZXRhX2tleSIsInNldHRpbmdzIjp7ImJlZm9yZSI6IiIsImFmdGVyIjoiIiwibWV0YV9rZXkiOiIiLCJlbmFibGVfaHRtbCI6Im9uIn19@\u00bb image_icon_background_color=\u00bb#F5CEC7&#8243; image=\u00bbhttps:\/\/www.cucapoi.com\/wp-content\/uploads\/2023\/04\/4.png\u00bb alt=\u00bbn\u00famero 4&#8243; icon_placement=\u00bbleft\u00bb image_icon_width=\u00bb60px\u00bb content_max_width=\u00bb100%\u00bb _builder_version=\u00bb4.20.4&#8243; _dynamic_attributes=\u00bbtitle\u00bb _module_preset=\u00bbdefault\u00bb header_level=\u00bbh2&#8243; header_text_color=\u00bb#F5CEC7&#8243; header_font_size=\u00bb23px\u00bb body_font=\u00bb||||||||\u00bb body_text_color=\u00bb#a4a4a4&#8243; body_font_size=\u00bb16px\u00bb width=\u00bb100%\u00bb custom_margin=\u00bb||24%||false|false\u00bb custom_margin_tablet=\u00bb||8%||false|false\u00bb custom_margin_phone=\u00bb||8%||false|false\u00bb custom_margin_last_edited=\u00bbon|tablet\u00bb custom_padding=\u00bb0px|||||\u00bb hover_enabled=\u00bb0&#8243; global_colors_info=\u00bb{}\u00bb sticky_enabled=\u00bb0&#8243;]<\/p>\n<h2 style=\"color: #f5cec7; font-size:30px;\"><strong>Env\u00edo<\/strong><\/h2>\n<p>Un \u00fanico env\u00edo del producto, que nosotros gestionamos[\/et_pb_blurb][et_pb_blurb title=\u00bb@ET-DC@eyJkeW5hbWljIjp0cnVlLCJjb250ZW50IjoicG9zdF9tZXRhX2tleSIsInNldHRpbmdzIjp7ImJlZm9yZSI6IiIsImFmdGVyIjoiIiwibWV0YV9rZXkiOiIiLCJlbmFibGVfaHRtbCI6Im9uIn19@\u00bb image_icon_background_color=\u00bb#F5CEC7&#8243; image=\u00bbhttps:\/\/www.cucapoi.com\/wp-content\/uploads\/2023\/04\/5.png\u00bb alt=\u00bbn\u00famero 5&#8243; icon_placement=\u00bbleft\u00bb image_icon_width=\u00bb60px\u00bb content_max_width=\u00bb100%\u00bb _builder_version=\u00bb4.20.4&#8243; _dynamic_attributes=\u00bbtitle\u00bb _module_preset=\u00bbdefault\u00bb header_level=\u00bbh2&#8243; header_text_color=\u00bb#F5CEC7&#8243; header_font_size=\u00bb23px\u00bb body_font=\u00bb||||||||\u00bb body_text_color=\u00bb#a4a4a4&#8243; body_font_size=\u00bb16px\u00bb width=\u00bb100%\u00bb custom_margin=\u00bb||24%||false|false\u00bb custom_margin_tablet=\u00bb||10%||false|false\u00bb custom_margin_phone=\u00bb||10%||false|false\u00bb custom_margin_last_edited=\u00bbon|tablet\u00bb custom_padding=\u00bb0px|||||\u00bb hover_enabled=\u00bb0&#8243; global_colors_info=\u00bb{}\u00bb sticky_enabled=\u00bb0&#8243;]<\/p>\n<h2 style=\"color: #f5cec7; font-size:30px;\"><strong>Control<\/strong><\/h2>\n<p>Control de publicaciones de incidencias[\/et_pb_blurb][et_pb_blurb title=\u00bb@ET-DC@eyJkeW5hbWljIjp0cnVlLCJjb250ZW50IjoicG9zdF9tZXRhX2tleSIsInNldHRpbmdzIjp7ImJlZm9yZSI6IiIsImFmdGVyIjoiIiwibWV0YV9rZXkiOiIiLCJlbmFibGVfaHRtbCI6Im9uIn19@\u00bb image_icon_background_color=\u00bb#F5CEC7&#8243; image=\u00bbhttps:\/\/www.cucapoi.com\/wp-content\/uploads\/2023\/04\/6.png\u00bb alt=\u00bbn\u00famero 6&#8243; icon_placement=\u00bbleft\u00bb image_icon_width=\u00bb60px\u00bb content_max_width=\u00bb100%\u00bb _builder_version=\u00bb4.20.4&#8243; _dynamic_attributes=\u00bbtitle\u00bb _module_preset=\u00bbdefault\u00bb header_level=\u00bbh2&#8243; header_text_color=\u00bb#F5CEC7&#8243; header_font_size=\u00bb23px\u00bb body_font=\u00bb||||||||\u00bb body_text_color=\u00bb#a4a4a4&#8243; body_font_size=\u00bb16px\u00bb width=\u00bb100%\u00bb custom_padding=\u00bb0px|||||\u00bb hover_enabled=\u00bb0&#8243; global_colors_info=\u00bb{}\u00bb sticky_enabled=\u00bb0&#8243;]<\/p>\n<h2 style=\"color: #f5cec7;font-size:30px;\"><strong>Informes<\/strong><\/h2>\n<p>Evaluaci\u00f3n resultados de la campa\u00f1a[\/et_pb_blurb][\/et_pb_column][\/et_pb_row][\/et_pb_section][et_pb_section fb_built=\u00bb1&#8243; _builder_version=\u00bb4.20.4&#8243; _module_preset=\u00bbdefault\u00bb custom_padding=\u00bb0px||2px|||\u00bb global_colors_info=\u00bb{}\u00bb][et_pb_row column_structure=\u00bb1_2,1_2&#8243; use_custom_gutter=\u00bbon\u00bb gutter_width=\u00bb2&#8243; _builder_version=\u00bb4.20.4&#8243; _module_preset=\u00bbdefault\u00bb width=\u00bb100%\u00bb max_width=\u00bb80%\u00bb max_width_tablet=\u00bb70%\u00bb max_width_phone=\u00bb85%\u00bb max_width_last_edited=\u00bbon|phone\u00bb global_colors_info=\u00bb{}\u00bb][et_pb_column type=\u00bb1_2&#8243; _builder_version=\u00bb4.20.4&#8243; _module_preset=\u00bbdefault\u00bb horizontal_offset=\u00bb100px\u00bb z_index=\u00bb500&#8243; horizontal_offset_tablet=\u00bb0px\u00bb horizontal_offset_phone=\u00bb0px\u00bb horizontal_offset_last_edited=\u00bbon|desktop\u00bb custom_padding=\u00bb|0px||0px|false|false\u00bb global_colors_info=\u00bb{}\u00bb][et_pb_text _builder_version=\u00bb4.20.4&#8243; _module_preset=\u00bbdefault\u00bb header_2_text_color=\u00bb#F5CEC7&#8243; header_2_font_size=\u00bb62px\u00bb header_2_font_size_tablet=\u00bb62px\u00bb header_2_font_size_phone=\u00bb55px\u00bb header_2_font_size_last_edited=\u00bbon|phone\u00bb global_colors_info=\u00bb{}\u00bb]<\/p>\n<h2>Ventajas<\/h2>\n<p>[\/et_pb_text][et_pb_text _builder_version=\u00bb4.20.4&#8243; _module_preset=\u00bbdefault\u00bb text_font=\u00bb|700|||||||\u00bb text_text_color=\u00bb#FFFFFF\u00bb background_color=\u00bb#F5CEC7&#8243; custom_padding=\u00bb4%|4%|4%|4%|true|true\u00bb global_colors_info=\u00bb{}\u00bb]<\/p>\n<p>No se percibe como publicidad, sino como sugerencias con una mayor aceptaci\u00f3n.<\/p>\n<p>[\/et_pb_text][et_pb_text _builder_version=\u00bb4.20.4&#8243; _module_preset=\u00bbdefault\u00bb text_font=\u00bb|800|||||||\u00bb text_text_color=\u00bb#FFFFFF\u00bb text_font_size=\u00bb16px\u00bb background_color=\u00bb#F5CEC7&#8243; custom_padding=\u00bb4%|4%|4%|4%|true|true\u00bb global_colors_info=\u00bb{}\u00bb]<\/p>\n<p>Una t\u00e9cnica de marketing en pleno crecimiento. Una t\u00e9cnica de atracci\u00f3n.<\/p>\n<p>[\/et_pb_text][et_pb_text _builder_version=\u00bb4.20.4&#8243; _module_preset=\u00bbdefault\u00bb text_font=\u00bb|700|||||||\u00bb text_text_color=\u00bb#FFFFFF\u00bb text_font_size=\u00bb16px\u00bb background_color=\u00bb#F5CEC7&#8243; custom_padding=\u00bb4%|4%|4%|4%|true|true\u00bb global_colors_info=\u00bb{}\u00bb]<\/p>\n<p>Al hacerlo a trav\u00e9s del contenido de los influencers podr\u00e1s transmitir mensajes y valores de tu marca de una forma mucho m\u00e1s cercana.<\/p>\n<p>[\/et_pb_text][et_pb_text _builder_version=\u00bb4.20.4&#8243; _module_preset=\u00bbdefault\u00bb text_font=\u00bb|700|||||||\u00bb text_text_color=\u00bb#FFFFFF\u00bb text_font_size=\u00bb16px\u00bb background_color=\u00bb#F5CEC7&#8243; custom_padding=\u00bb4%|4%|4%|4%|true|true\u00bb global_colors_info=\u00bb{}\u00bb]<\/p>\n<p>Generar\u00e1s una comunidad de seguidores fieles con los que, despu\u00e9s de tu campa\u00f1a, podr\u00e1s estar en contacto directo.<\/p>\n<p>[\/et_pb_text][\/et_pb_column][et_pb_column type=\u00bb1_2&#8243; _builder_version=\u00bb4.20.4&#8243; _module_preset=\u00bbdefault\u00bb horizontal_offset=\u00bb-100px\u00bb horizontal_offset_tablet=\u00bb0px\u00bb horizontal_offset_phone=\u00bb0px\u00bb horizontal_offset_last_edited=\u00bbon|desktop\u00bb global_colors_info=\u00bb{}\u00bb][et_pb_image src=\u00bbhttps:\/\/www.cucapoi.com\/wp-content\/uploads\/2023\/04\/ventajas.jpg\u00bb alt=\u00bbinfluencer grab\u00e1ndose bailando\u00bb title_text=\u00bbventajas\u00bb _builder_version=\u00bb4.20.4&#8243; _module_preset=\u00bbdefault\u00bb global_colors_info=\u00bb{}\u00bb][\/et_pb_image][\/et_pb_column][\/et_pb_row][\/et_pb_section][et_pb_section fb_built=\u00bb1&#8243; _builder_version=\u00bb4.20.4&#8243; _module_preset=\u00bbdefault\u00bb custom_margin=\u00bb64px|||||\u00bb custom_margin_tablet=\u00bb64px|||||\u00bb custom_margin_phone=\u00bb0px||||false|false\u00bb custom_margin_last_edited=\u00bbon|phone\u00bb custom_padding=\u00bb0px|||||\u00bb global_colors_info=\u00bb{}\u00bb][et_pb_row _builder_version=\u00bb4.20.4&#8243; _module_preset=\u00bbdefault\u00bb width=\u00bb100%\u00bb max_width=\u00bb30%\u00bb max_width_tablet=\u00bb70%\u00bb max_width_phone=\u00bb80%\u00bb max_width_last_edited=\u00bbon|tablet\u00bb global_colors_info=\u00bb{}\u00bb][et_pb_column type=\u00bb4_4&#8243; _builder_version=\u00bb4.20.4&#8243; _module_preset=\u00bbdefault\u00bb global_colors_info=\u00bb{}\u00bb][et_pb_contact_form captcha=\u00bboff\u00bb title=\u00bb@ET-DC@eyJkeW5hbWljIjp0cnVlLCJjb250ZW50IjoicG9zdF9tZXRhX2tleSIsInNldHRpbmdzIjp7ImJlZm9yZSI6IjxoMj4iLCJhZnRlciI6IkNPTlRcdTAwYzFDVEFNRSIsIm1ldGFfa2V5IjoiPC9oMj4iLCJlbmFibGVfaHRtbCI6Im9mZiJ9fQ==@\u00bb submit_button_text=\u00bbEnviar Mensaje\u00bb _builder_version=\u00bb4.20.4&#8243; _dynamic_attributes=\u00bbtitle\u00bb _module_preset=\u00bbdefault\u00bb _unique_id=\u00bbba8905ae-23d8-4154-8422-aa11246ebbbb\u00bb form_field_background_color=\u00bb#FFFFFF\u00bb form_field_text_color=\u00bb#A4A4A4&#8243; title_level=\u00bbh2&#8243; title_font=\u00bb|800|||||||\u00bb title_text_align=\u00bbcenter\u00bb title_text_color=\u00bb#F5CEC7&#8243; title_font_size=\u00bb64px\u00bb custom_button=\u00bbon\u00bb button_text_size=\u00bb17px\u00bb button_text_color=\u00bb#FFFFFF\u00bb button_bg_color=\u00bb#F5CEC7&#8243; button_font=\u00bb|700|||||||\u00bb button_custom_margin=\u00bb20px||||false|false\u00bb button_custom_padding=\u00bb15px||15px||true|true\u00bb custom_margin=\u00bb||||false\u00bb title_font_size_tablet=\u00bb64px\u00bb title_font_size_phone=\u00bb50px\u00bb title_font_size_last_edited=\u00bbon|phone\u00bb global_colors_info=\u00bb{}\u00bb][et_pb_contact_field field_id=\u00bbName\u00bb field_title=\u00bbNombre\u00bb fullwidth_field=\u00bbon\u00bb _builder_version=\u00bb4.20.4&#8243; custom_margin=\u00bb42px||||false|false\u00bb border_width_all=\u00bb2px\u00bb border_color_all=\u00bb#A4A4A4&#8243; global_colors_info=\u00bb{}\u00bb button_text_size__hover_enabled=\u00bboff\u00bb button_one_text_size__hover_enabled=\u00bboff\u00bb button_two_text_size__hover_enabled=\u00bboff\u00bb button_text_color__hover_enabled=\u00bboff\u00bb button_one_text_color__hover_enabled=\u00bboff\u00bb button_two_text_color__hover_enabled=\u00bboff\u00bb button_border_width__hover_enabled=\u00bboff\u00bb button_one_border_width__hover_enabled=\u00bboff\u00bb button_two_border_width__hover_enabled=\u00bboff\u00bb button_border_color__hover_enabled=\u00bboff\u00bb button_one_border_color__hover_enabled=\u00bboff\u00bb button_two_border_color__hover_enabled=\u00bboff\u00bb button_border_radius__hover_enabled=\u00bboff\u00bb button_one_border_radius__hover_enabled=\u00bboff\u00bb button_two_border_radius__hover_enabled=\u00bboff\u00bb button_letter_spacing__hover_enabled=\u00bboff\u00bb button_one_letter_spacing__hover_enabled=\u00bboff\u00bb button_two_letter_spacing__hover_enabled=\u00bboff\u00bb button_bg_color__hover_enabled=\u00bboff\u00bb button_one_bg_color__hover_enabled=\u00bboff\u00bb button_two_bg_color__hover_enabled=\u00bboff\u00bb][\/et_pb_contact_field][et_pb_contact_field field_id=\u00bbEmail\u00bb field_title=\u00bbCorreo electr\u00f3nico\u00bb field_type=\u00bbemail\u00bb fullwidth_field=\u00bbon\u00bb _builder_version=\u00bb4.20.4&#8243; border_width_all=\u00bb2px\u00bb border_color_all=\u00bb#A4A4A4&#8243; global_colors_info=\u00bb{}\u00bb button_text_size__hover_enabled=\u00bboff\u00bb button_one_text_size__hover_enabled=\u00bboff\u00bb button_two_text_size__hover_enabled=\u00bboff\u00bb button_text_color__hover_enabled=\u00bboff\u00bb button_one_text_color__hover_enabled=\u00bboff\u00bb button_two_text_color__hover_enabled=\u00bboff\u00bb button_border_width__hover_enabled=\u00bboff\u00bb button_one_border_width__hover_enabled=\u00bboff\u00bb button_two_border_width__hover_enabled=\u00bboff\u00bb button_border_color__hover_enabled=\u00bboff\u00bb button_one_border_color__hover_enabled=\u00bboff\u00bb button_two_border_color__hover_enabled=\u00bboff\u00bb button_border_radius__hover_enabled=\u00bboff\u00bb button_one_border_radius__hover_enabled=\u00bboff\u00bb button_two_border_radius__hover_enabled=\u00bboff\u00bb button_letter_spacing__hover_enabled=\u00bboff\u00bb button_one_letter_spacing__hover_enabled=\u00bboff\u00bb button_two_letter_spacing__hover_enabled=\u00bboff\u00bb button_bg_color__hover_enabled=\u00bboff\u00bb button_one_bg_color__hover_enabled=\u00bboff\u00bb button_two_bg_color__hover_enabled=\u00bboff\u00bb][\/et_pb_contact_field][et_pb_contact_field field_id=\u00bbMessage\u00bb field_title=\u00bbCu\u00e9ntame en que puedo ayudarte&#8230;\u00bb field_type=\u00bbtext\u00bb fullwidth_field=\u00bbon\u00bb _builder_version=\u00bb4.20.4&#8243; border_width_all=\u00bb2px\u00bb border_color_all=\u00bb#A4A4A4&#8243; global_colors_info=\u00bb{}\u00bb button_text_size__hover_enabled=\u00bboff\u00bb button_one_text_size__hover_enabled=\u00bboff\u00bb button_two_text_size__hover_enabled=\u00bboff\u00bb button_text_color__hover_enabled=\u00bboff\u00bb button_one_text_color__hover_enabled=\u00bboff\u00bb button_two_text_color__hover_enabled=\u00bboff\u00bb button_border_width__hover_enabled=\u00bboff\u00bb button_one_border_width__hover_enabled=\u00bboff\u00bb button_two_border_width__hover_enabled=\u00bboff\u00bb button_border_color__hover_enabled=\u00bboff\u00bb button_one_border_color__hover_enabled=\u00bboff\u00bb button_two_border_color__hover_enabled=\u00bboff\u00bb button_border_radius__hover_enabled=\u00bboff\u00bb button_one_border_radius__hover_enabled=\u00bboff\u00bb button_two_border_radius__hover_enabled=\u00bboff\u00bb button_letter_spacing__hover_enabled=\u00bboff\u00bb button_one_letter_spacing__hover_enabled=\u00bboff\u00bb button_two_letter_spacing__hover_enabled=\u00bboff\u00bb button_bg_color__hover_enabled=\u00bboff\u00bb button_one_bg_color__hover_enabled=\u00bboff\u00bb button_two_bg_color__hover_enabled=\u00bboff\u00bb][\/et_pb_contact_field][\/et_pb_contact_form][\/et_pb_column][\/et_pb_row][\/et_pb_section]<\/p>\n","protected":false},"excerpt":{"rendered":"<p>Marketing InfluencerEstudio Elaborar un estudio de tu marca para encontrar a los influencers acordes a tu audiencia y marcaSelecci\u00f3n Realizamos una pre-selecci\u00f3n de los mejores influencers para publicitar tu productoNegociaci\u00f3n Negociamos con los influencers el mejor acuerdo para tu marca (fechas de publicaci\u00f3n, con\/sin coste, producto a potenciar)Env\u00edo Un \u00fanico env\u00edo del producto, que nosotros [&hellip;]<\/p>\n","protected":false},"author":1,"featured_media":0,"parent":0,"menu_order":0,"comment_status":"closed","ping_status":"closed","template":"","meta":{"_et_pb_use_builder":"on","_et_pb_old_content":"","_et_gb_content_width":"","footnotes":""},"class_list":["post-253","page","type-page","status-publish","hentry"],"_links":{"self":[{"href":"https:\/\/www.cucapoi.com\/index.php\/wp-json\/wp\/v2\/pages\/253","targetHints":{"allow":["GET"]}}],"collection":[{"href":"https:\/\/www.cucapoi.com\/index.php\/wp-json\/wp\/v2\/pages"}],"about":[{"href":"https:\/\/www.cucapoi.com\/index.php\/wp-json\/wp\/v2\/types\/page"}],"author":[{"embeddable":true,"href":"https:\/\/www.cucapoi.com\/index.php\/wp-json\/wp\/v2\/users\/1"}],"replies":[{"embeddable":true,"href":"https:\/\/www.cucapoi.com\/index.php\/wp-json\/wp\/v2\/comments?post=253"}],"version-history":[{"count":32,"href":"https:\/\/www.cucapoi.com\/index.php\/wp-json\/wp\/v2\/pages\/253\/revisions"}],"predecessor-version":[{"id":754,"href":"https:\/\/www.cucapoi.com\/index.php\/wp-json\/wp\/v2\/pages\/253\/revisions\/754"}],"wp:attachment":[{"href":"https:\/\/www.cucapoi.com\/index.php\/wp-json\/wp\/v2\/media?parent=253"}],"curies":[{"name":"wp","href":"https:\/\/api.w.org\/{rel}","templated":true}]}}