{"id":327,"date":"2023-04-24T09:08:52","date_gmt":"2023-04-24T09:08:52","guid":{"rendered":"https:\/\/www.cucapoi.com\/?page_id=327"},"modified":"2023-04-28T09:23:23","modified_gmt":"2023-04-28T09:23:23","slug":"sobre-mi","status":"publish","type":"page","link":"https:\/\/www.cucapoi.com\/index.php\/sobre-mi\/","title":{"rendered":"Sobre m\u00ed"},"content":{"rendered":"<p>[et_pb_section fb_built=\u00bb1&#8243; _builder_version=\u00bb4.20.4&#8243; _module_preset=\u00bbdefault\u00bb custom_margin=\u00bb66px||||false|false\u00bb global_colors_info=\u00bb{}\u00bb][et_pb_row column_structure=\u00bb1_2,1_2&#8243; _builder_version=\u00bb4.20.4&#8243; _module_preset=\u00bbdefault\u00bb width=\u00bb100%\u00bb max_width=\u00bb70%\u00bb max_width_tablet=\u00bb70%\u00bb max_width_phone=\u00bb90%\u00bb max_width_last_edited=\u00bbon|phone\u00bb global_colors_info=\u00bb{}\u00bb][et_pb_column type=\u00bb1_2&#8243; _builder_version=\u00bb4.20.4&#8243; _module_preset=\u00bbdefault\u00bb global_colors_info=\u00bb{}\u00bb][et_pb_image src=\u00bbhttps:\/\/www.cucapoi.com\/wp-content\/uploads\/2023\/04\/Foto-personal.png\u00bb alt=\u00bbempresaria sonriendo a c\u00e1mara\u00bb title_text=\u00bbFoto-personal\u00bb _builder_version=\u00bb4.20.4&#8243; _module_preset=\u00bbdefault\u00bb global_colors_info=\u00bb{}\u00bb][\/et_pb_image][\/et_pb_column][et_pb_column type=\u00bb1_2&#8243; _builder_version=\u00bb4.20.4&#8243; _module_preset=\u00bbdefault\u00bb global_colors_info=\u00bb{}\u00bb][et_pb_text content_tablet=\u00bb<\/p>\n<h1>Hola,<\/h1>\n<h1>Me llamo<\/h1>\n<h1>Chelo<\/h1>\n<p>\u00bb content_phone=\u00bb<\/p>\n<h1>Hola,<\/h1>\n<h1>Me llamo Chelo<\/h1>\n<p>\u00bb content_last_edited=\u00bbon|tablet\u00bb _builder_version=\u00bb4.20.4&#8243; _module_preset=\u00bbdefault\u00bb header_font=\u00bbCutive Mono|800|||||||\u00bb header_text_color=\u00bb#F5CEC7&#8243; header_font_size=\u00bb45px\u00bb header_font_size_tablet=\u00bb58px\u00bb header_font_size_phone=\u00bb46px\u00bb header_font_size_last_edited=\u00bbon|phone\u00bb global_colors_info=\u00bb{}\u00bb]<\/p>\n<h1>Hola,<\/h1>\n<h1>Me llamo<\/h1>\n<h1>Chelo<\/h1>\n<p>[\/et_pb_text][et_pb_text _builder_version=\u00bb4.20.4&#8243; _module_preset=\u00bbdefault\u00bb text_font=\u00bb||||||||\u00bb text_text_color=\u00bb#A4A4A4&#8243; text_line_height=\u00bb1.2em\u00bb hover_enabled=\u00bb0&#8243; global_colors_info=\u00bb{}\u00bb sticky_enabled=\u00bb0&#8243;]<\/p>\n<p>Mi nombre es Chelo Momp\u00f3, y aunque me dedique a la comunicaci\u00f3n, me cuesta un poco escribir sobre m\u00ed. A nivel profesional me considero trabajadora, luchadora y emprendedora.<\/p>\n<p>Creo en romper las barreras y conseguir que los clientes sean partners. Me gusta que se sientan en casa y yo sentirme en casa en su proyecto.<\/p>\n<p>Me gusta creer en los proyectos con los que trabajo, si no, no los acepto.<\/p>\n<p>Y por mis a\u00f1os de experiencia, colaboro con las personas id\u00f3neas para cada proyecto. Un equipo de profesionales \/ empresas de total confianza para mi.<\/p>\n<p>Creo en las personas, con sus 3C, coraz\u00f3n, conciliaci\u00f3n y capacidad.<\/p>\n<p>Y estoy eternamente agradecida a las empresas que me han hecho crecer como profesional y persona desde que acab\u00e9 mi carrera, Kelme, Panama Jack, Gioseppo, TM Grupo Inmobiliario, Mustang, Koala Bay.<\/p>\n<p>[\/et_pb_text][et_pb_button button_text=\u00bbESCR\u00cdBEME AHORA\u00bb button_alignment=\u00bbleft\u00bb _builder_version=\u00bb4.20.4&#8243; _module_preset=\u00bbdefault\u00bb custom_button=\u00bbon\u00bb button_text_color=\u00bb#FFFFFF\u00bb button_bg_color=\u00bb#F5CEC7&#8243; button_border_radius=\u00bb39px\u00bb custom_padding=\u00bb8px|92px|8px|92px|true|true\u00bb custom_padding_tablet=\u00bb8px|92px|8px|92px|true|true\u00bb custom_padding_phone=\u00bb8px|75px|8px|75px|true|true\u00bb custom_padding_last_edited=\u00bbon|phone\u00bb button_text_size_tablet=\u00bb\u00bb button_text_size_phone=\u00bb18px\u00bb button_text_size_last_edited=\u00bbon|phone\u00bb global_colors_info=\u00bb{}\u00bb][\/et_pb_button][\/et_pb_column][\/et_pb_row][\/et_pb_section]<\/p>\n","protected":false},"excerpt":{"rendered":"<p>Hola, Me llamo CheloMi nombre es Chelo Momp\u00f3, y aunque me dedique a la comunicaci\u00f3n, me cuesta un poco escribir sobre m\u00ed. A nivel profesional me considero trabajadora, luchadora y emprendedora. Creo en romper las barreras y conseguir que los clientes sean partners. Me gusta que se sientan en casa y yo sentirme en casa [&hellip;]<\/p>\n","protected":false},"author":1,"featured_media":0,"parent":0,"menu_order":0,"comment_status":"closed","ping_status":"closed","template":"","meta":{"_et_pb_use_builder":"on","_et_pb_old_content":"","_et_gb_content_width":"","footnotes":""},"class_list":["post-327","page","type-page","status-publish","hentry"],"_links":{"self":[{"href":"https:\/\/www.cucapoi.com\/index.php\/wp-json\/wp\/v2\/pages\/327","targetHints":{"allow":["GET"]}}],"collection":[{"href":"https:\/\/www.cucapoi.com\/index.php\/wp-json\/wp\/v2\/pages"}],"about":[{"href":"https:\/\/www.cucapoi.com\/index.php\/wp-json\/wp\/v2\/types\/page"}],"author":[{"embeddable":true,"href":"https:\/\/www.cucapoi.com\/index.php\/wp-json\/wp\/v2\/users\/1"}],"replies":[{"embeddable":true,"href":"https:\/\/www.cucapoi.com\/index.php\/wp-json\/wp\/v2\/comments?post=327"}],"version-history":[{"count":14,"href":"https:\/\/www.cucapoi.com\/index.php\/wp-json\/wp\/v2\/pages\/327\/revisions"}],"predecessor-version":[{"id":759,"href":"https:\/\/www.cucapoi.com\/index.php\/wp-json\/wp\/v2\/pages\/327\/revisions\/759"}],"wp:attachment":[{"href":"https:\/\/www.cucapoi.com\/index.php\/wp-json\/wp\/v2\/media?parent=327"}],"curies":[{"name":"wp","href":"https:\/\/api.w.org\/{rel}","templated":true}]}}