{"id":334,"date":"2023-04-24T09:20:01","date_gmt":"2023-04-24T09:20:01","guid":{"rendered":"https:\/\/www.cucapoi.com\/?page_id=334"},"modified":"2023-04-28T09:44:54","modified_gmt":"2023-04-28T09:44:54","slug":"marketing-digital-2","status":"publish","type":"page","link":"https:\/\/www.cucapoi.com\/index.php\/marketing-digital-2\/","title":{"rendered":"Digital"},"content":{"rendered":"<p>[et_pb_section fb_built=\u00bb1&#8243; _builder_version=\u00bb4.20.4&#8243; _module_preset=\u00bbdefault\u00bb background_color=\u00bb#F5CEC7&#8243; background_image=\u00bbhttps:\/\/www.cucapoi.com\/wp-content\/uploads\/2023\/04\/Cabecera-provisional-cucapoi.jpg\u00bb min_height=\u00bb557px\u00bb custom_margin=\u00bb||||false|false\u00bb custom_padding=\u00bb||0px||false|false\u00bb global_colors_info=\u00bb{}\u00bb][et_pb_row _builder_version=\u00bb4.20.4&#8243; _module_preset=\u00bbdefault\u00bb width=\u00bb100%\u00bb max_width=\u00bb60%\u00bb max_width_tablet=\u00bb80%\u00bb max_width_phone=\u00bb100%\u00bb max_width_last_edited=\u00bbon|desktop\u00bb module_alignment=\u00bbleft\u00bb custom_margin=\u00bb117px|auto||auto|false|false\u00bb custom_margin_tablet=\u00bb117px|auto||auto|false|false\u00bb custom_margin_phone=\u00bb130px|0px||0px|false|false\u00bb custom_margin_last_edited=\u00bbon|phone\u00bb custom_padding=\u00bb||||false|false\u00bb global_colors_info=\u00bb{}\u00bb][et_pb_column type=\u00bb4_4&#8243; _builder_version=\u00bb4.20.4&#8243; _module_preset=\u00bbdefault\u00bb global_colors_info=\u00bb{}\u00bb][et_pb_text _builder_version=\u00bb4.20.4&#8243; _module_preset=\u00bbdefault\u00bb text_font=\u00bb|300|||||||\u00bb header_font=\u00bb|300|||||||\u00bb header_text_align=\u00bbjustify\u00bb header_font_size=\u00bb82px\u00bb width=\u00bb100%\u00bb max_width=\u00bb100%\u00bb max_width_tablet=\u00bb91%\u00bb max_width_phone=\u00bb91%\u00bb max_width_last_edited=\u00bbon|tablet\u00bb module_alignment=\u00bbcenter\u00bb header_font_size_tablet=\u00bb81px\u00bb header_font_size_phone=\u00bb56px\u00bb header_font_size_last_edited=\u00bbon|phone\u00bb global_colors_info=\u00bb{}\u00bb]<\/p>\n<h1 style=\"text-align: center;\">Marketing<\/h1>\n<h1 style=\"text-align: center;\">Digital<\/h1>\n<p>[\/et_pb_text][\/et_pb_column][\/et_pb_row][\/et_pb_section][et_pb_section fb_built=\u00bb1&#8243; _builder_version=\u00bb4.20.4&#8243; _module_preset=\u00bbdefault\u00bb custom_padding=\u00bb||3px|||\u00bb global_colors_info=\u00bb{}\u00bb][et_pb_row column_structure=\u00bb1_2,1_2&#8243; use_custom_gutter=\u00bbon\u00bb gutter_width=\u00bb4&#8243; custom_padding_last_edited=\u00bbon|tablet\u00bb _builder_version=\u00bb4.20.4&#8243; _module_preset=\u00bbdefault\u00bb width=\u00bb100%\u00bb max_width=\u00bb80%\u00bb max_width_tablet=\u00bb100%\u00bb max_width_phone=\u00bb85%\u00bb max_width_last_edited=\u00bbon|tablet\u00bb module_alignment=\u00bbcenter\u00bb custom_margin=\u00bb25px||||false|false\u00bb custom_margin_tablet=\u00bb25px||||false|false\u00bb custom_margin_phone=\u00bb25px||||false|false\u00bb custom_margin_last_edited=\u00bbon|desktop\u00bb custom_padding=\u00bb96px||||false|\u00bb custom_padding_tablet=\u00bb0px||||false|false\u00bb custom_padding_phone=\u00bb0px||||false|false\u00bb hover_enabled=\u00bb0&#8243; module_alignment_tablet=\u00bbcenter\u00bb module_alignment_phone=\u00bbcenter\u00bb module_alignment_last_edited=\u00bbon|tablet\u00bb global_colors_info=\u00bb{}\u00bb sticky_enabled=\u00bb0&#8243;][et_pb_column type=\u00bb1_2&#8243; _builder_version=\u00bb4.20.4&#8243; _module_preset=\u00bbdefault\u00bb custom_padding=\u00bb|50px||113px|false|false\u00bb custom_padding_tablet=\u00bb||27px||false|false\u00bb custom_padding_phone=\u00bb|0px|0px|0px|false|false\u00bb custom_padding_last_edited=\u00bbon|phone\u00bb global_colors_info=\u00bb{}\u00bb][et_pb_text _builder_version=\u00bb4.20.4&#8243; _module_preset=\u00bbdefault\u00bb text_font=\u00bb||||||||\u00bb text_text_color=\u00bb#A4A4A4&#8243; text_font_size=\u00bb22px\u00bb header_2_font=\u00bb|700|||||||\u00bb header_2_text_color=\u00bb#F0C5AE\u00bb header_2_font_size=\u00bb52px\u00bb header_3_font=\u00bb|300|||||||\u00bb header_3_text_color=\u00bb#F0C5AE\u00bb header_3_font_size=\u00bb29px\u00bb width=\u00bb100%\u00bb max_width=\u00bb100%\u00bb header_font_size_tablet=\u00bb\u00bb header_font_size_phone=\u00bb\u00bb header_font_size_last_edited=\u00bbon|desktop\u00bb global_colors_info=\u00bb{}\u00bb]<\/p>\n<h3 style=\"text-align: left;\">COMO LO HACEMOS<\/h3>\n<h2 style=\"text-align: left;\">Marketing Digital para tu Marca<\/h2>\n<p>&nbsp;<\/p>\n<p>Lorem Ipsum is simply dummy text to help you create an aproximate idea<\/p>\n<p>[\/et_pb_text][et_pb_blurb image=\u00bbhttps:\/\/www.cucapoi.com\/wp-content\/uploads\/2023\/04\/Analisis-on-page.png\u00bb alt=\u00bbpagina web saliendo de ordenador\u00bb icon_placement=\u00bbleft\u00bb image_icon_width=\u00bb50px\u00bb content_max_width=\u00bb100%\u00bb _builder_version=\u00bb4.20.4&#8243; _module_preset=\u00bbdefault\u00bb body_font=\u00bb|800|||||||\u00bb body_text_color=\u00bb#A4A4A4&#8243; body_font_size=\u00bb26px\u00bb module_alignment=\u00bbleft\u00bb global_colors_info=\u00bb{}\u00bb]<\/p>\n<p>An\u00e1lisis On Page de la web<\/p>\n<p>[\/et_pb_blurb][et_pb_blurb image=\u00bbhttps:\/\/www.cucapoi.com\/wp-content\/uploads\/2023\/04\/Analisis-tecnico.png\u00bb alt=\u00bblupa apuntando a diagrama\u00bb icon_placement=\u00bbleft\u00bb image_icon_width=\u00bb50px\u00bb content_max_width=\u00bb100%\u00bb _builder_version=\u00bb4.20.4&#8243; _module_preset=\u00bbdefault\u00bb body_font=\u00bb|800|||||||\u00bb body_text_color=\u00bb#A4A4A4&#8243; body_font_size=\u00bb26px\u00bb global_colors_info=\u00bb{}\u00bb]<\/p>\n<p>An\u00e1lisis T\u00e9cnico de la web<\/p>\n<p>[\/et_pb_blurb][et_pb_blurb image=\u00bbhttps:\/\/www.cucapoi.com\/wp-content\/uploads\/2023\/04\/Estudio-delos-backlinks.png\u00bb alt=\u00bblibreta y l\u00e1piz\u00bb icon_placement=\u00bbleft\u00bb image_icon_width=\u00bb50px\u00bb content_max_width=\u00bb100%\u00bb _builder_version=\u00bb4.20.4&#8243; _module_preset=\u00bbdefault\u00bb body_font=\u00bb|700|||||||\u00bb body_text_color=\u00bb#A4A4A4&#8243; body_font_size=\u00bb26px\u00bb global_colors_info=\u00bb{}\u00bb]<\/p>\n<p>Estudio de los backlinks de la competencia<\/p>\n<p>[\/et_pb_blurb][\/et_pb_column][et_pb_column type=\u00bb1_2&#8243; _builder_version=\u00bb4.20.4&#8243; _module_preset=\u00bbdefault\u00bb global_colors_info=\u00bb{}\u00bb][et_pb_image src=\u00bbhttps:\/\/www.cucapoi.com\/wp-content\/uploads\/2023\/04\/Marketing-digital-para-tu-marca.jpg\u00bb alt=\u00bbbocetos de layouts para web a mano\u00bb title_text=\u00bbMarketing-digital-para-tu-marca\u00bb align_tablet=\u00bbcenter\u00bb align_phone=\u00bbcenter\u00bb align_last_edited=\u00bbon|tablet\u00bb _builder_version=\u00bb4.20.4&#8243; _module_preset=\u00bbdefault\u00bb global_colors_info=\u00bb{}\u00bb][\/et_pb_image][\/et_pb_column][\/et_pb_row][et_pb_row column_structure=\u00bb1_2,1_2&#8243; use_custom_gutter=\u00bbon\u00bb gutter_width=\u00bb1&#8243; _builder_version=\u00bb4.20.4&#8243; _module_preset=\u00bbdefault\u00bb width_tablet=\u00bb80%\u00bb width_phone=\u00bb90%\u00bb width_last_edited=\u00bbon|tablet\u00bb max_width=\u00bb80%\u00bb max_width_tablet=\u00bb85%\u00bb max_width_phone=\u00bb90%\u00bb max_width_last_edited=\u00bbon|tablet\u00bb module_alignment=\u00bbcenter\u00bb min_height=\u00bb584px\u00bb custom_margin=\u00bb123px|-40px||auto|false|false\u00bb custom_margin_tablet=\u00bb25px||||false|false\u00bb custom_margin_phone=\u00bb0px|2px||auto|false|false\u00bb custom_margin_last_edited=\u00bbon|desktop\u00bb custom_padding=\u00bb0px||||false|false\u00bb global_colors_info=\u00bb{}\u00bb][et_pb_column type=\u00bb1_2&#8243; _builder_version=\u00bb4.20.4&#8243; _module_preset=\u00bbdefault\u00bb custom_padding_tablet=\u00bb\u00bb custom_padding_phone=\u00bb||||false|false\u00bb custom_padding_last_edited=\u00bbon|phone\u00bb global_colors_info=\u00bb{}\u00bb][et_pb_image src=\u00bbhttps:\/\/www.cucapoi.com\/wp-content\/uploads\/2023\/04\/Implementamos-acorde-a-tus-necesidades.jpg\u00bb alt=\u00bbpersona consultando resultados de documento en ordenador\u00bb title_text=\u00bbImplementamos-acorde-a-tus-necesidades\u00bb align=\u00bbcenter\u00bb _builder_version=\u00bb4.20.4&#8243; _module_preset=\u00bbdefault\u00bb min_height_tablet=\u00bb\u00bb min_height_phone=\u00bb\u00bb min_height_last_edited=\u00bbon|phone\u00bb hover_enabled=\u00bb0&#8243; global_colors_info=\u00bb{}\u00bb sticky_enabled=\u00bb0&#8243;][\/et_pb_image][\/et_pb_column][et_pb_column type=\u00bb1_2&#8243; _builder_version=\u00bb4.20.4&#8243; _module_preset=\u00bbdefault\u00bb custom_padding=\u00bb|58px|||false|false\u00bb custom_padding_tablet=\u00bb|0px|||false|false\u00bb custom_padding_phone=\u00bb|0px|||false|false\u00bb custom_padding_last_edited=\u00bbon|phone\u00bb global_colors_info=\u00bb{}\u00bb][et_pb_text _builder_version=\u00bb4.20.4&#8243; _module_preset=\u00bbdefault\u00bb text_text_color=\u00bb#F0C5AE\u00bb header_font=\u00bbCourier Bold||||||||\u00bb header_2_font=\u00bb|600|||||||\u00bb header_2_text_color=\u00bb#F0C5AE\u00bb header_2_font_size=\u00bb51px\u00bb custom_margin=\u00bb0px||||false|false\u00bb custom_margin_tablet=\u00bb46px||||false|false\u00bb custom_margin_phone=\u00bb46px||||false|false\u00bb custom_margin_last_edited=\u00bbon|tablet\u00bb custom_padding=\u00bb||23px|||\u00bb header_2_font_size_tablet=\u00bb51px\u00bb header_2_font_size_phone=\u00bb37px\u00bb header_2_font_size_last_edited=\u00bbon|phone\u00bb global_colors_info=\u00bb{}\u00bb]<\/p>\n<h2>Implementamos acorde a tus necesidades<\/h2>\n<p>[\/et_pb_text][et_pb_text _builder_version=\u00bb4.20.4&#8243; _module_preset=\u00bbdefault\u00bb text_font=\u00bb|300|||||||\u00bb text_text_color=\u00bb#A4A4A4&#8243; text_line_height=\u00bb1em\u00bb header_2_font=\u00bb|800|||||||\u00bb header_2_text_color=\u00bb#F0C5AE\u00bb header_2_font_size=\u00bb55px\u00bb header_3_font=\u00bb|300|||||||\u00bb header_3_text_color=\u00bb#F0C5AE\u00bb header_3_font_size=\u00bb29px\u00bb custom_margin=\u00bb||17px|||\u00bb custom_padding=\u00bb||10px|||\u00bb global_colors_info=\u00bb{}\u00bb]<\/p>\n<p style=\"text-align: left;\">Lorem Ipsum is simply dummy text to help you create an aproximate idea<\/p>\n<p>[\/et_pb_text][et_pb_text _builder_version=\u00bb4.20.4&#8243; _module_preset=\u00bbdefault\u00bb text_font=\u00bb|700|||||||\u00bb text_text_color=\u00bb#FFFFFF\u00bb text_line_height=\u00bb1em\u00bb background_color=\u00bb#F0C5AE\u00bb width_tablet=\u00bb\u00bb width_phone=\u00bb100%\u00bb width_last_edited=\u00bbon|phone\u00bb max_width_tablet=\u00bb\u00bb max_width_phone=\u00bb100%\u00bb max_width_last_edited=\u00bbon|phone\u00bb module_alignment=\u00bbcenter\u00bb custom_margin=\u00bb4%||||false|false\u00bb custom_padding=\u00bb4%|4%|4%|4%|true|true\u00bb text_font_size_tablet=\u00bb21px\u00bb text_font_size_phone=\u00bb17px\u00bb text_font_size_last_edited=\u00bbon|phone\u00bb module_alignment_tablet=\u00bbcenter\u00bb module_alignment_phone=\u00bbcenter\u00bb module_alignment_last_edited=\u00bbon|phone\u00bb global_colors_info=\u00bb{}\u00bb]<\/p>\n<p>Cambios necesarios en la programaci\u00f3n detectados en la auditor\u00eda.<\/p>\n<p>[\/et_pb_text][et_pb_text _builder_version=\u00bb4.20.4&#8243; _module_preset=\u00bbdefault\u00bb text_font=\u00bb|700|||||||\u00bb text_text_color=\u00bb#A4A4A4&#8243; text_line_height=\u00bb1em\u00bb custom_margin=\u00bb4%||4%||true|false\u00bb custom_padding=\u00bb3%|3%|3%|3%|true|true\u00bb border_width_all=\u00bb3px\u00bb border_color_all=\u00bb#F0C5AE\u00bb global_colors_info=\u00bb{}\u00bb]<\/p>\n<p>Redacci\u00f3n de contenido optimizados al SEO para posicionar en Google<\/p>\n<p>[\/et_pb_text][et_pb_text _builder_version=\u00bb4.20.4&#8243; _module_preset=\u00bbdefault\u00bb text_font=\u00bb|700|||||||\u00bb text_text_color=\u00bb#FFFFFF\u00bb text_line_height=\u00bb1em\u00bb background_color=\u00bb#F0C5AE\u00bb custom_padding=\u00bb4%|4%|4%|4%|true|true\u00bb global_colors_info=\u00bb{}\u00bb]<\/p>\n<p>Configuraci\u00f3n de herramientas\u00a0 de an\u00e1lisis, lo que nos da control sobre nuestro tr\u00e1fico (monitorizado)<\/p>\n<p>[\/et_pb_text][\/et_pb_column][\/et_pb_row][\/et_pb_section][et_pb_section fb_built=\u00bb1&#8243; custom_padding_last_edited=\u00bbon|phone\u00bb _builder_version=\u00bb4.20.4&#8243; _module_preset=\u00bbdefault\u00bb custom_padding=\u00bb102px||75px|||\u00bb custom_padding_tablet=\u00bb52px||75px|||\u00bb custom_padding_phone=\u00bb52px||0px||false|false\u00bb global_colors_info=\u00bb{}\u00bb][et_pb_row column_structure=\u00bb1_4,1_4,1_4,1_4&#8243; use_custom_gutter=\u00bbon\u00bb gutter_width=\u00bb2&#8243; _builder_version=\u00bb4.20.4&#8243; _module_preset=\u00bbdefault\u00bb width=\u00bb100%\u00bb max_width=\u00bb80%\u00bb custom_padding=\u00bb2px|||||\u00bb global_colors_info=\u00bb{}\u00bb][et_pb_column type=\u00bb1_4&#8243; _builder_version=\u00bb4.20.4&#8243; _module_preset=\u00bbdefault\u00bb global_colors_info=\u00bb{}\u00bb][et_pb_text _builder_version=\u00bb4.20.4&#8243; _module_preset=\u00bbdefault\u00bb header_2_font=\u00bb|700|||||||\u00bb header_2_text_color=\u00bb#A4A4A4&#8243; header_2_font_size=\u00bb57px\u00bb custom_margin=\u00bb26px||||false|false\u00bb custom_margin_tablet=\u00bb70px||||false|false\u00bb custom_margin_phone=\u00bb0px||||false|false\u00bb custom_margin_last_edited=\u00bbon|tablet\u00bb header_2_font_size_tablet=\u00bb41px\u00bb header_2_font_size_phone=\u00bb41px\u00bb header_2_font_size_last_edited=\u00bbon|tablet\u00bb global_colors_info=\u00bb{}\u00bb]<\/p>\n<h2><strong>De qu\u00e9 nos encargamos para ti<\/strong><\/h2>\n<p>[\/et_pb_text][\/et_pb_column][et_pb_column type=\u00bb1_4&#8243; _builder_version=\u00bb4.20.4&#8243; _module_preset=\u00bbdefault\u00bb global_colors_info=\u00bb{}\u00bb][et_pb_text _builder_version=\u00bb4.20.4&#8243; _module_preset=\u00bbdefault\u00bb text_font=\u00bb|300|||||||\u00bb text_text_color=\u00bb#A4A4A4&#8243; header_3_text_color=\u00bb#F5CEC7&#8243; header_4_text_color=\u00bb#F5CEC7&#8243; header_4_font_size=\u00bb21px\u00bb custom_padding=\u00bb16%|6.5%|16%|6.5%|true|true\u00bb border_width_all=\u00bb6px\u00bb border_color_all=\u00bb#F5CEC7&#8243; locked=\u00bboff\u00bb global_colors_info=\u00bb{}\u00bb]<\/p>\n<h4 style=\"text-align: center; padding-bottom: 2rem; font-size: 25px;\"><strong>Optimizamos contenido<\/strong><strong><\/strong><\/h4>\n<p style=\"text-align: center;\">Trabajamos los contenidos de los blogs, email marketing y landing pages para que resulten atractivos y nos proporcionen tr\u00e1fico de calidad<\/p>\n<p>[\/et_pb_text][\/et_pb_column][et_pb_column type=\u00bb1_4&#8243; _builder_version=\u00bb4.20.4&#8243; _module_preset=\u00bbdefault\u00bb global_colors_info=\u00bb{}\u00bb][et_pb_text _builder_version=\u00bb4.20.4&#8243; _module_preset=\u00bbdefault\u00bb text_font=\u00bb|300|||||||\u00bb text_text_color=\u00bb#A4A4A4&#8243; header_3_text_color=\u00bb#F5CEC7&#8243; header_4_text_color=\u00bb#F5CEC7&#8243; header_4_font_size=\u00bb21px\u00bb custom_padding=\u00bb16%|6.5%|16%|6.5%|true|true\u00bb border_width_all=\u00bb6px\u00bb border_color_all=\u00bb#F5CEC7&#8243; locked=\u00bboff\u00bb global_colors_info=\u00bb{}\u00bb]<\/p>\n<h4 style=\"text-align: center; padding-bottom: 2rem; font-size: 25px;\"><strong>Optimizamos contenido<\/strong><strong><\/strong><\/h4>\n<p style=\"text-align: center;\">Trabajamos los contenidos de los blogs, email marketing y landing pages para que resulten atractivos y nos proporcionen tr\u00e1fico de calidad<\/p>\n<p>[\/et_pb_text][\/et_pb_column][et_pb_column type=\u00bb1_4&#8243; _builder_version=\u00bb4.20.4&#8243; _module_preset=\u00bbdefault\u00bb global_colors_info=\u00bb{}\u00bb][et_pb_text _builder_version=\u00bb4.20.4&#8243; _module_preset=\u00bbdefault\u00bb text_font=\u00bb|300|||||||\u00bb text_text_color=\u00bb#A4A4A4&#8243; header_3_text_color=\u00bb#F5CEC7&#8243; header_4_text_color=\u00bb#F5CEC7&#8243; header_4_font_size=\u00bb21px\u00bb custom_padding=\u00bb16%|6.5%|16%|6.5%|true|true\u00bb border_width_all=\u00bb6px\u00bb border_color_all=\u00bb#F5CEC7&#8243; locked=\u00bboff\u00bb global_colors_info=\u00bb{}\u00bb]<\/p>\n<h4 style=\"text-align: center; padding-bottom: 2rem; font-size: 25px;\"><strong>Optimizamos contenido<\/strong><strong><\/strong><\/h4>\n<p style=\"text-align: center;\">Trabajamos los contenidos de los blogs, email marketing y landing pages para que resulten atractivos y nos proporcionen tr\u00e1fico de calidad<\/p>\n<p>[\/et_pb_text][\/et_pb_column][\/et_pb_row][et_pb_row column_structure=\u00bb1_4,1_4,1_4,1_4&#8243; use_custom_gutter=\u00bbon\u00bb gutter_width=\u00bb2&#8243; _builder_version=\u00bb4.20.4&#8243; _module_preset=\u00bbdefault\u00bb width=\u00bb100%\u00bb max_width=\u00bb80%\u00bb custom_padding=\u00bb2px|||||\u00bb global_colors_info=\u00bb{}\u00bb][et_pb_column type=\u00bb1_4&#8243; disabled_on=\u00bboff|on|off\u00bb _builder_version=\u00bb4.20.4&#8243; _module_preset=\u00bbdefault\u00bb global_colors_info=\u00bb{}\u00bb][\/et_pb_column][et_pb_column type=\u00bb1_4&#8243; _builder_version=\u00bb4.20.4&#8243; _module_preset=\u00bbdefault\u00bb global_colors_info=\u00bb{}\u00bb][et_pb_text _builder_version=\u00bb4.20.4&#8243; _module_preset=\u00bbdefault\u00bb text_font=\u00bb|300|||||||\u00bb text_text_color=\u00bb#A4A4A4&#8243; header_3_text_color=\u00bb#F5CEC7&#8243; header_4_text_color=\u00bb#F5CEC7&#8243; header_4_font_size=\u00bb21px\u00bb custom_padding=\u00bb16%|6.5%|16%|6.5%|true|true\u00bb border_width_all=\u00bb6px\u00bb border_color_all=\u00bb#F5CEC7&#8243; locked=\u00bboff\u00bb global_colors_info=\u00bb{}\u00bb]<\/p>\n<h4 style=\"text-align: center; padding-bottom: 2rem; font-size: 25px;\"><strong>Optimizamos contenido<\/strong><strong><\/strong><\/h4>\n<p style=\"text-align: center;\">Trabajamos los contenidos de los blogs, email marketing y landing pages para que resulten atractivos y nos proporcionen tr\u00e1fico de calidad<\/p>\n<p>[\/et_pb_text][\/et_pb_column][et_pb_column type=\u00bb1_4&#8243; _builder_version=\u00bb4.20.4&#8243; _module_preset=\u00bbdefault\u00bb global_colors_info=\u00bb{}\u00bb][et_pb_text _builder_version=\u00bb4.20.4&#8243; _module_preset=\u00bbdefault\u00bb text_font=\u00bb|300|||||||\u00bb text_text_color=\u00bb#A4A4A4&#8243; header_text_color=\u00bb#A4A4A4&#8243; header_3_text_color=\u00bb#F5CEC7&#8243; header_4_text_color=\u00bb#F5CEC7&#8243; header_4_font_size=\u00bb21px\u00bb custom_margin_tablet=\u00bb\u00bb custom_margin_phone=\u00bb\u00bb custom_margin_last_edited=\u00bbon|desktop\u00bb custom_padding=\u00bb16%|6.5%|16%|6.5%|true|true\u00bb custom_padding_tablet=\u00bb16%|6.5%|16%|6.5%|true|true\u00bb custom_padding_phone=\u00bb19.5%|4.6%|19.5%|4.6%|true|true\u00bb custom_padding_last_edited=\u00bbon|tablet\u00bb border_width_all=\u00bb6px\u00bb border_color_all=\u00bb#F5CEC7&#8243; locked=\u00bboff\u00bb global_colors_info=\u00bb{}\u00bb]<\/p>\n<h4 style=\"text-align: center; padding-bottom: 2rem; font-size: 25px;\"><strong>Optimizamos contenido<\/strong><strong><\/strong><\/h4>\n<p style=\"text-align: center;\">Trabajamos los contenidos de los blogs, email marketing y landing pages para que resulten atractivos y nos proporcionen tr\u00e1fico de calidad<\/p>\n<p>[\/et_pb_text][\/et_pb_column][et_pb_column type=\u00bb1_4&#8243; _builder_version=\u00bb4.20.4&#8243; _module_preset=\u00bbdefault\u00bb global_colors_info=\u00bb{}\u00bb][et_pb_text _builder_version=\u00bb4.20.4&#8243; _module_preset=\u00bbdefault\u00bb text_font=\u00bb|300|||||||\u00bb text_text_color=\u00bb#A4A4A4&#8243; header_3_text_color=\u00bb#F5CEC7&#8243; header_4_text_color=\u00bb#F5CEC7&#8243; header_4_font_size=\u00bb21px\u00bb custom_padding=\u00bb16%|6.5%|16%|6.5%|true|true\u00bb border_width_all=\u00bb6px\u00bb border_color_all=\u00bb#F5CEC7&#8243; locked=\u00bboff\u00bb global_colors_info=\u00bb{}\u00bb]<\/p>\n<h4 style=\"text-align: center; padding-bottom: 2rem; font-size: 25px;\"><strong>Optimizamos contenido<\/strong><strong><\/strong><\/h4>\n<p style=\"text-align: center;\">Trabajamos los contenidos de los blogs, email marketing y landing pages para que resulten atractivos y nos proporcionen tr\u00e1fico de calidad<\/p>\n<p>[\/et_pb_text][\/et_pb_column][\/et_pb_row][\/et_pb_section]<\/p>\n","protected":false},"excerpt":{"rendered":"<p>Marketing DigitalCOMO LO HACEMOS Marketing Digital para tu Marca &nbsp; Lorem Ipsum is simply dummy text to help you create an aproximate ideaAn\u00e1lisis On Page de la webAn\u00e1lisis T\u00e9cnico de la webEstudio de los backlinks de la competenciaImplementamos acorde a tus necesidadesLorem Ipsum is simply dummy text to help you create an aproximate ideaCambios necesarios [&hellip;]<\/p>\n","protected":false},"author":1,"featured_media":0,"parent":0,"menu_order":0,"comment_status":"closed","ping_status":"closed","template":"","meta":{"_et_pb_use_builder":"on","_et_pb_old_content":"<!-- wp:divi\/placeholder \/-->","_et_gb_content_width":"","footnotes":""},"class_list":["post-334","page","type-page","status-publish","hentry"],"_links":{"self":[{"href":"https:\/\/www.cucapoi.com\/index.php\/wp-json\/wp\/v2\/pages\/334","targetHints":{"allow":["GET"]}}],"collection":[{"href":"https:\/\/www.cucapoi.com\/index.php\/wp-json\/wp\/v2\/pages"}],"about":[{"href":"https:\/\/www.cucapoi.com\/index.php\/wp-json\/wp\/v2\/types\/page"}],"author":[{"embeddable":true,"href":"https:\/\/www.cucapoi.com\/index.php\/wp-json\/wp\/v2\/users\/1"}],"replies":[{"embeddable":true,"href":"https:\/\/www.cucapoi.com\/index.php\/wp-json\/wp\/v2\/comments?post=334"}],"version-history":[{"count":33,"href":"https:\/\/www.cucapoi.com\/index.php\/wp-json\/wp\/v2\/pages\/334\/revisions"}],"predecessor-version":[{"id":764,"href":"https:\/\/www.cucapoi.com\/index.php\/wp-json\/wp\/v2\/pages\/334\/revisions\/764"}],"wp:attachment":[{"href":"https:\/\/www.cucapoi.com\/index.php\/wp-json\/wp\/v2\/media?parent=334"}],"curies":[{"name":"wp","href":"https:\/\/api.w.org\/{rel}","templated":true}]}}