{"id":340,"date":"2023-04-24T09:20:40","date_gmt":"2023-04-24T09:20:40","guid":{"rendered":"https:\/\/www.cucapoi.com\/?page_id=340"},"modified":"2023-04-28T09:13:54","modified_gmt":"2023-04-28T09:13:54","slug":"medios","status":"publish","type":"page","link":"https:\/\/www.cucapoi.com\/index.php\/medios\/","title":{"rendered":"Medios"},"content":{"rendered":"<p>[et_pb_section fb_built=\u00bb1&#8243; _builder_version=\u00bb4.20.4&#8243; _module_preset=\u00bbdefault\u00bb background_color=\u00bb#F5CEC7&#8243; background_image=\u00bbhttps:\/\/www.cucapoi.com\/wp-content\/uploads\/2023\/04\/Cabecera-provisional-cucapoi.jpg\u00bb min_height=\u00bb557px\u00bb custom_margin=\u00bb||||false|false\u00bb custom_padding=\u00bb||0px||false|false\u00bb global_colors_info=\u00bb{}\u00bb][et_pb_row _builder_version=\u00bb4.20.4&#8243; _module_preset=\u00bbdefault\u00bb width=\u00bb100%\u00bb max_width=\u00bb60%\u00bb max_width_tablet=\u00bb60%\u00bb max_width_phone=\u00bb100%\u00bb max_width_last_edited=\u00bbon|phone\u00bb module_alignment=\u00bbleft\u00bb custom_margin=\u00bb117px|auto||auto|false|false\u00bb custom_padding=\u00bb||||false|false\u00bb global_colors_info=\u00bb{}\u00bb][et_pb_column type=\u00bb4_4&#8243; _builder_version=\u00bb4.20.4&#8243; _module_preset=\u00bbdefault\u00bb global_colors_info=\u00bb{}\u00bb][et_pb_text _builder_version=\u00bb4.20.4&#8243; _module_preset=\u00bbdefault\u00bb header_font=\u00bb|300|||||||\u00bb header_text_align=\u00bbcenter\u00bb header_font_size=\u00bb95px\u00bb module_alignment=\u00bbcenter\u00bb custom_margin=\u00bb68px||||false|false\u00bb custom_margin_tablet=\u00bb56px||||false|false\u00bb custom_margin_phone=\u00bb56px||||false|false\u00bb custom_margin_last_edited=\u00bbon|phone\u00bb custom_padding=\u00bb|||0px|false|false\u00bb header_font_size_tablet=\u00bb90px\u00bb header_font_size_phone=\u00bb74px\u00bb header_font_size_last_edited=\u00bbon|desktop\u00bb global_colors_info=\u00bb{}\u00bb]<\/p>\n<h1 style=\"text-align: center;\">Medios<\/h1>\n<p>[\/et_pb_text][\/et_pb_column][\/et_pb_row][\/et_pb_section][et_pb_section fb_built=\u00bb1&#8243; custom_padding_last_edited=\u00bbon|phone\u00bb _builder_version=\u00bb4.20.4&#8243; _module_preset=\u00bbdefault\u00bb custom_padding=\u00bb0px||75px|||\u00bb custom_padding_tablet=\u00bb52px||0px||false|false\u00bb custom_padding_phone=\u00bb0px||0px||false|false\u00bb global_colors_info=\u00bb{}\u00bb][et_pb_row _builder_version=\u00bb4.20.4&#8243; _module_preset=\u00bbdefault\u00bb width_tablet=\u00bb\u00bb width_phone=\u00bb100%\u00bb width_last_edited=\u00bbon|phone\u00bb max_width_tablet=\u00bb\u00bb max_width_phone=\u00bb100%\u00bb max_width_last_edited=\u00bbon|phone\u00bb global_colors_info=\u00bb{}\u00bb][et_pb_column type=\u00bb4_4&#8243; _builder_version=\u00bb4.20.4&#8243; _module_preset=\u00bbdefault\u00bb global_colors_info=\u00bb{}\u00bb][et_pb_text content_tablet=\u00bb<\/p>\n<h2 style=%22padding-bottom: 2rem; font-size: 48px;%22><strong>Introducci\u00f3n<\/strong><\/h2>\n<p>Desarrollamos estrategias creativas que permitan a nuestros clientes alcanzar sus objetivos de la forma m\u00e1s eficaz.<\/p>\n<p>\u00bb content_phone=\u00bb<\/p>\n<h2 style=%22padding-bottom: 2rem; font-size:42px;%22><strong>Introducci\u00f3n<\/strong><\/h2>\n<p>Desarrollamos estrategias creativas que permitan a nuestros clientes alcanzar sus objetivos de la forma m\u00e1s eficaz.<\/p>\n<p>\u00bb content_last_edited=\u00bbon|phone\u00bb _builder_version=\u00bb4.20.4&#8243; _module_preset=\u00bbdefault\u00bb text_font=\u00bb||||||||\u00bb text_text_color=\u00bb#A4A4A4&#8243; text_line_height=\u00bb1.72em\u00bb header_text_color=\u00bb#F0C5AE\u00bb header_2_text_align=\u00bbcenter\u00bb header_2_text_color=\u00bb#F5CEC7&#8243; text_orientation=\u00bbcenter\u00bb width=\u00bb100%\u00bb max_width=\u00bb79%\u00bb max_width_tablet=\u00bb79%\u00bb max_width_phone=\u00bb79%\u00bb max_width_last_edited=\u00bbon|desktop\u00bb module_alignment=\u00bbcenter\u00bb custom_padding=\u00bb7%||||false|false\u00bb hover_enabled=\u00bb0&#8243; text_font_size_tablet=\u00bb20px\u00bb text_font_size_phone=\u00bb17px\u00bb text_font_size_last_edited=\u00bbon|desktop\u00bb global_colors_info=\u00bb{}\u00bb sticky_enabled=\u00bb0&#8243; text_font_size=\u00bb20px\u00bb]<\/p>\n<h2 style=\"padding-bottom: 2rem; font-size: 48px;\"><strong>Introducci\u00f3n<\/strong><\/h2>\n<p>Desarrollamos estrategias creativas que permitan a nuestros clientes alcanzar sus objetivos de la forma m\u00e1s eficaz.<\/p>\n<p>[\/et_pb_text][\/et_pb_column][\/et_pb_row][\/et_pb_section][et_pb_section fb_built=\u00bb1&#8243; custom_padding_last_edited=\u00bbon|phone\u00bb _builder_version=\u00bb4.20.4&#8243; _module_preset=\u00bbdefault\u00bb custom_padding=\u00bb2px||63px|||\u00bb custom_padding_tablet=\u00bb2px||63px|||\u00bb custom_padding_phone=\u00bb||0px||false|false\u00bb global_colors_info=\u00bb{}\u00bb][et_pb_row column_structure=\u00bb1_2,1_2&#8243; _builder_version=\u00bb4.20.4&#8243; _module_preset=\u00bbdefault\u00bb width=\u00bb100%\u00bb max_width=\u00bb65%\u00bb max_width_tablet=\u00bb90%\u00bb max_width_phone=\u00bb82%\u00bb max_width_last_edited=\u00bbon|tablet\u00bb module_alignment=\u00bbcenter\u00bb custom_margin=\u00bb|auto||30px||\u00bb global_colors_info=\u00bb{}\u00bb][et_pb_column type=\u00bb1_2&#8243; _builder_version=\u00bb4.20.4&#8243; _module_preset=\u00bbdefault\u00bb custom_padding=\u00bb|||5%|false|false\u00bb global_colors_info=\u00bb{}\u00bb][et_pb_text content_tablet=\u00bb<\/p>\n<h2 style=%22padding-bottom: 2rem; font-size: 42px;%22><strong>Medios Offline<\/strong><\/h2>\n<p>Por nuestra experiencia, sabemos que las fotos de bodeg\u00f3n funcionan muy bien para web, confeccionamos el bodeg\u00f3n utilizando el producto y diferentes Atrezzos, diferentes fondots, etc&#8230;<\/p>\n<p>\u00bb content_phone=\u00bb<\/p>\n<h2 style=%22padding-bottom: 2rem; font-size: 36px;%22><strong>Medios Offline<\/strong><\/h2>\n<p>Por nuestra experiencia, sabemos que las fotos de bodeg\u00f3n funcionan muy bien para web, confeccionamos el bodeg\u00f3n utilizando el producto y diferentes Atrezzos, diferentes fondots, etc&#8230;\u00bb content_last_edited=\u00bbon|phone\u00bb _builder_version=\u00bb4.20.4&#8243; _module_preset=\u00bbdefault\u00bb text_text_color=\u00bb#A4A4A4&#8243; text_font_size=\u00bb1vw\u00bb text_line_height=\u00bb1.72em\u00bb header_text_color=\u00bb#F0C5AE\u00bb header_2_text_color=\u00bb#F0C5AE\u00bb width=\u00bb100%\u00bb max_width=\u00bb100%\u00bb module_alignment=\u00bbcenter\u00bb custom_padding=\u00bb7%||||false|false\u00bb hover_enabled=\u00bb0&#8243; text_font_size_tablet=\u00bb20px\u00bb text_font_size_phone=\u00bb17px\u00bb text_font_size_last_edited=\u00bbon|desktop\u00bb global_colors_info=\u00bb{}\u00bb sticky_enabled=\u00bb0&#8243;]<\/p>\n<h2 style=\"padding-bottom: 2rem; font-size: 48px;\"><strong>Medios Offline<\/strong><\/h2>\n<p>Por nuestra experiencia, sabemos que las fotos de bodeg\u00f3n funcionan muy bien para web, confeccionamos el bodeg\u00f3n utilizando el producto y diferentes\u00a0 Atrezzos, diferentes fondots, etc&#8230;<\/p>\n<p>[\/et_pb_text][\/et_pb_column][et_pb_column type=\u00bb1_2&#8243; _builder_version=\u00bb4.20.4&#8243; _module_preset=\u00bbdefault\u00bb global_colors_info=\u00bb{}\u00bb][et_pb_image src=\u00bbhttps:\/\/www.cucapoi.com\/wp-content\/uploads\/2023\/04\/Fotografia-de-bodegon.jpg\u00bb alt=\u00bbbodeg\u00f3n de una lata de refresco\u00bb title_text=\u00bbFotograf\u00eda-de-bodegon\u00bb align=\u00bbright\u00bb align_tablet=\u00bbcenter\u00bb align_phone=\u00bbcenter\u00bb align_last_edited=\u00bbon|phone\u00bb _builder_version=\u00bb4.20.4&#8243; _module_preset=\u00bbdefault\u00bb global_colors_info=\u00bb{}\u00bb][\/et_pb_image][\/et_pb_column][\/et_pb_row][et_pb_row column_structure=\u00bb1_2,1_2&#8243; _builder_version=\u00bb4.20.4&#8243; _module_preset=\u00bbdefault\u00bb vertical_offset=\u00bb0px\u00bb width=\u00bb100%\u00bb max_width=\u00bb65%\u00bb max_width_tablet=\u00bb85%\u00bb max_width_phone=\u00bb82%\u00bb max_width_last_edited=\u00bbon|phone\u00bb custom_margin=\u00bb||||false|false\u00bb custom_padding=\u00bb||4px|||\u00bb global_colors_info=\u00bb{}\u00bb custom_css_main_element_last_edited=\u00bbon|desktop\u00bb][et_pb_column type=\u00bb1_2&#8243; _builder_version=\u00bb4.20.4&#8243; _module_preset=\u00bbdefault\u00bb global_colors_info=\u00bb{}\u00bb custom_css_main_element_last_edited=\u00bbon|desktop\u00bb][et_pb_image src=\u00bbhttps:\/\/www.cucapoi.com\/wp-content\/uploads\/2023\/04\/Fotografia-de-producto.jpg\u00bb alt=\u00bbsilla siendo fotografiada en estudio\u00bb title_text=\u00bbFotografia-de-producto\u00bb align=\u00bbcenter\u00bb _builder_version=\u00bb4.20.4&#8243; _module_preset=\u00bbdefault\u00bb custom_margin=\u00bb-33%||||false|false\u00bb custom_margin_tablet=\u00bb0%||||false|false\u00bb custom_margin_phone=\u00bb0%||||false|false\u00bb custom_margin_last_edited=\u00bbon|tablet\u00bb global_colors_info=\u00bb{}\u00bb][\/et_pb_image][\/et_pb_column][et_pb_column type=\u00bb1_2&#8243; _builder_version=\u00bb4.20.4&#8243; _module_preset=\u00bbdefault\u00bb global_colors_info=\u00bb{}\u00bb custom_css_main_element_last_edited=\u00bbon|desktop\u00bb][et_pb_text content_tablet=\u00bb<\/p>\n<h2 style=%22padding-bottom: 2rem; font-size: 33px;%22><strong>Medios Online<\/strong><\/h2>\n<p>Fotograf\u00eda de producto para web, dependeinto del tipo de producto, se realizan varias capturas desde diferentes \u00e1ngulos, vistas y mostrando los posibles usos.<\/p>\n<p>\u00bb content_phone=\u00bb<\/p>\n<h2 style=%22padding-bottom: 2rem; font-size: 33px;%22><strong>Medios Online<\/strong><\/h2>\n<p>Fotograf\u00eda de producto para web, dependeinto del tipo de producto, se realizan varias capturas desde diferentes \u00e1ngulos, vistas y mostrando los posibles usos.<\/p>\n<p>\u00bb content_last_edited=\u00bbon|desktop\u00bb _builder_version=\u00bb4.20.4&#8243; _module_preset=\u00bbdefault\u00bb text_font_size=\u00bb1vw\u00bb text_line_height=\u00bb1.72em\u00bb header_2_text_color=\u00bb#F0C5AE\u00bb width=\u00bb100%\u00bb max_width=\u00bb75%\u00bb max_width_tablet=\u00bb75%\u00bb max_width_phone=\u00bb100%\u00bb max_width_last_edited=\u00bbon|phone\u00bb custom_margin=\u00bb||||false|false\u00bb hover_enabled=\u00bb0&#8243; text_font_size_tablet=\u00bb20px\u00bb text_font_size_phone=\u00bb17px\u00bb text_font_size_last_edited=\u00bbon|desktop\u00bb global_colors_info=\u00bb{}\u00bb header_text_color=\u00bb#A4A4A4&#8243; text_text_color=\u00bb#A4A4A4&#8243; sticky_enabled=\u00bb0&#8243;]<\/p>\n<h2 style=\"padding-bottom: 2rem; font-size: 48px;\"><strong>Medios Online<\/strong><\/h2>\n<p>Fotograf\u00eda de producto para web, dependeinto del tipo de producto, se realizan varias capturas desde diferentes \u00e1ngulos, vistas y mostrando los posibles usos.<\/p>\n<p>[\/et_pb_text][\/et_pb_column][\/et_pb_row][\/et_pb_section][et_pb_section fb_built=\u00bb1&#8243; _builder_version=\u00bb4.20.4&#8243; _module_preset=\u00bbdefault\u00bb custom_padding=\u00bb0px|||||\u00bb global_colors_info=\u00bb{}\u00bb][et_pb_row _builder_version=\u00bb4.20.4&#8243; _module_preset=\u00bbdefault\u00bb global_colors_info=\u00bb{}\u00bb][et_pb_column type=\u00bb4_4&#8243; _builder_version=\u00bb4.20.4&#8243; _module_preset=\u00bbdefault\u00bb global_colors_info=\u00bb{}\u00bb][et_pb_video image_src=\u00bbhttps:\/\/www.cucapoi.com\/wp-content\/uploads\/2023\/04\/Video-medios-1.jpg\u00bb _builder_version=\u00bb4.20.4&#8243; _module_preset=\u00bbdefault\u00bb min_height=\u00bb500px\u00bb global_colors_info=\u00bb{}\u00bb][\/et_pb_video][\/et_pb_column][\/et_pb_row][\/et_pb_section]<\/p>\n","protected":false},"excerpt":{"rendered":"<p>MediosIntroducci\u00f3n Desarrollamos estrategias creativas que permitan a nuestros clientes alcanzar sus objetivos de la forma m\u00e1s eficaz.Medios Offline Por nuestra experiencia, sabemos que las fotos de bodeg\u00f3n funcionan muy bien para web, confeccionamos el bodeg\u00f3n utilizando el producto y diferentes\u00a0 Atrezzos, diferentes fondots, etc&#8230;Medios Online Fotograf\u00eda de producto para web, dependeinto del tipo de producto, [&hellip;]<\/p>\n","protected":false},"author":1,"featured_media":0,"parent":0,"menu_order":0,"comment_status":"closed","ping_status":"closed","template":"","meta":{"_et_pb_use_builder":"on","_et_pb_old_content":"<!-- wp:divi\/placeholder \/-->","_et_gb_content_width":"","footnotes":""},"class_list":["post-340","page","type-page","status-publish","hentry"],"_links":{"self":[{"href":"https:\/\/www.cucapoi.com\/index.php\/wp-json\/wp\/v2\/pages\/340","targetHints":{"allow":["GET"]}}],"collection":[{"href":"https:\/\/www.cucapoi.com\/index.php\/wp-json\/wp\/v2\/pages"}],"about":[{"href":"https:\/\/www.cucapoi.com\/index.php\/wp-json\/wp\/v2\/types\/page"}],"author":[{"embeddable":true,"href":"https:\/\/www.cucapoi.com\/index.php\/wp-json\/wp\/v2\/users\/1"}],"replies":[{"embeddable":true,"href":"https:\/\/www.cucapoi.com\/index.php\/wp-json\/wp\/v2\/comments?post=340"}],"version-history":[{"count":18,"href":"https:\/\/www.cucapoi.com\/index.php\/wp-json\/wp\/v2\/pages\/340\/revisions"}],"predecessor-version":[{"id":755,"href":"https:\/\/www.cucapoi.com\/index.php\/wp-json\/wp\/v2\/pages\/340\/revisions\/755"}],"wp:attachment":[{"href":"https:\/\/www.cucapoi.com\/index.php\/wp-json\/wp\/v2\/media?parent=340"}],"curies":[{"name":"wp","href":"https:\/\/api.w.org\/{rel}","templated":true}]}}